{"id":258,"date":"2026-03-16T21:07:23","date_gmt":"2026-03-16T21:07:23","guid":{"rendered":"https:\/\/extrait.spreviewhub.com\/?post_type=product&#038;p=258"},"modified":"2026-04-07T17:49:25","modified_gmt":"2026-04-07T17:49:25","slug":"taro-2","status":"publish","type":"product","link":"https:\/\/extrait.spreviewhub.com\/es\/producto\/taro-2\/","title":{"rendered":"Taro"},"content":{"rendered":"<p>La \u00faltima incorporaci\u00f3n a la colecci\u00f3n Great Journeys de Elixires de Botanicae. Descubre la historia de Anna Pavlova con The Swan, s\u00edmbolo de entrega absoluta al arte. Un homenaje a quienes convierten cada paso en legado.<\/p>","protected":false},"excerpt":{"rendered":"<p>La \u00faltima incorporaci\u00f3n a la colecci\u00f3n Great Journeys de Elixires de Botanicae. Descubre la historia de Anna Pavlova con The Swan, s\u00edmbolo de entrega absoluta al arte. Un homenaje a quienes convierten cada paso en legado.<\/p>","protected":false},"featured_media":248,"comment_status":"open","ping_status":"closed","template":"","meta":{"_acf_changed":false},"top-seller":[],"product_brand":[20],"product_cat":[17],"product_tag":[42],"class_list":{"0":"post-258","1":"product","2":"type-product","3":"status-publish","4":"has-post-thumbnail","6":"product_brand-botanicae","7":"product_cat-uncategorized","8":"product_tag-floral","10":"first","11":"instock","12":"shipping-taxable","13":"purchasable","14":"product-type-simple"},"acf":[],"_links":{"self":[{"href":"https:\/\/extrait.spreviewhub.com\/es\/wp-json\/wp\/v2\/product\/258","targetHints":{"allow":["GET"]}}],"collection":[{"href":"https:\/\/extrait.spreviewhub.com\/es\/wp-json\/wp\/v2\/product"}],"about":[{"href":"https:\/\/extrait.spreviewhub.com\/es\/wp-json\/wp\/v2\/types\/product"}],"replies":[{"embeddable":true,"href":"https:\/\/extrait.spreviewhub.com\/es\/wp-json\/wp\/v2\/comments?post=258"}],"wp:featuredmedia":[{"embeddable":true,"href":"https:\/\/extrait.spreviewhub.com\/es\/wp-json\/wp\/v2\/media\/248"}],"wp:attachment":[{"href":"https:\/\/extrait.spreviewhub.com\/es\/wp-json\/wp\/v2\/media?parent=258"}],"wp:term":[{"taxonomy":"top-seller","embeddable":true,"href":"https:\/\/extrait.spreviewhub.com\/es\/wp-json\/wp\/v2\/top-seller?post=258"},{"taxonomy":"product_brand","embeddable":true,"href":"https:\/\/extrait.spreviewhub.com\/es\/wp-json\/wp\/v2\/product_brand?post=258"},{"taxonomy":"product_cat","embeddable":true,"href":"https:\/\/extrait.spreviewhub.com\/es\/wp-json\/wp\/v2\/product_cat?post=258"},{"taxonomy":"product_tag","embeddable":true,"href":"https:\/\/extrait.spreviewhub.com\/es\/wp-json\/wp\/v2\/product_tag?post=258"}],"curies":[{"name":"wp","href":"https:\/\/api.w.org\/{rel}","templated":true}]}}