{"id":255,"date":"2026-03-16T21:04:13","date_gmt":"2026-03-16T21:04:13","guid":{"rendered":"https:\/\/extrait.spreviewhub.com\/?post_type=product&#038;p=255"},"modified":"2026-04-13T13:21:47","modified_gmt":"2026-04-13T13:21:47","slug":"taro","status":"publish","type":"product","link":"https:\/\/extrait.spreviewhub.com\/es\/producto\/taro\/","title":{"rendered":"Taro"},"content":{"rendered":"<p>La \u00faltima incorporaci\u00f3n a la colecci\u00f3n Great Journeys de Elixires de Botanicae. Descubre la historia de Anna Pavlova con The Swan, s\u00edmbolo de entrega absoluta al arte. Un homenaje a quienes convierten cada paso en legado.<\/p>","protected":false},"excerpt":{"rendered":"<p>La \u00faltima incorporaci\u00f3n a la colecci\u00f3n Great Journeys de Elixires de Botanicae. Descubre la historia de Anna Pavlova con The Swan, s\u00edmbolo de entrega absoluta al arte. Un homenaje a quienes convierten cada paso en legado.<\/p>","protected":false},"featured_media":250,"comment_status":"open","ping_status":"closed","template":"","meta":{"_acf_changed":false},"top-seller":[46],"product_brand":[20],"product_cat":[17],"product_tag":[44],"class_list":{"0":"post-255","1":"product","2":"type-product","3":"status-publish","4":"has-post-thumbnail","6":"top-seller-something-fresh","7":"product_brand-botanicae","8":"product_cat-uncategorized","9":"product_tag-rose","11":"first","12":"instock","13":"shipping-taxable","14":"purchasable","15":"product-type-simple"},"acf":[],"_links":{"self":[{"href":"https:\/\/extrait.spreviewhub.com\/es\/wp-json\/wp\/v2\/product\/255","targetHints":{"allow":["GET"]}}],"collection":[{"href":"https:\/\/extrait.spreviewhub.com\/es\/wp-json\/wp\/v2\/product"}],"about":[{"href":"https:\/\/extrait.spreviewhub.com\/es\/wp-json\/wp\/v2\/types\/product"}],"replies":[{"embeddable":true,"href":"https:\/\/extrait.spreviewhub.com\/es\/wp-json\/wp\/v2\/comments?post=255"}],"wp:featuredmedia":[{"embeddable":true,"href":"https:\/\/extrait.spreviewhub.com\/es\/wp-json\/wp\/v2\/media\/250"}],"wp:attachment":[{"href":"https:\/\/extrait.spreviewhub.com\/es\/wp-json\/wp\/v2\/media?parent=255"}],"wp:term":[{"taxonomy":"top-seller","embeddable":true,"href":"https:\/\/extrait.spreviewhub.com\/es\/wp-json\/wp\/v2\/top-seller?post=255"},{"taxonomy":"product_brand","embeddable":true,"href":"https:\/\/extrait.spreviewhub.com\/es\/wp-json\/wp\/v2\/product_brand?post=255"},{"taxonomy":"product_cat","embeddable":true,"href":"https:\/\/extrait.spreviewhub.com\/es\/wp-json\/wp\/v2\/product_cat?post=255"},{"taxonomy":"product_tag","embeddable":true,"href":"https:\/\/extrait.spreviewhub.com\/es\/wp-json\/wp\/v2\/product_tag?post=255"}],"curies":[{"name":"wp","href":"https:\/\/api.w.org\/{rel}","templated":true}]}}